{"id":651,"date":"2017-10-15T14:51:24","date_gmt":"2017-10-15T14:51:24","guid":{"rendered":"https:\/\/www.lugbz.org\/?page_id=651"},"modified":"2017-10-15T14:51:24","modified_gmt":"2017-10-15T14:51:24","slug":"transparent-hardware","status":"publish","type":"page","link":"https:\/\/ww2.lugbz.org\/?page_id=651","title":{"rendered":"Transparent Hardware"},"content":{"rendered":"<p>&nbsp;<\/p>\n<hr \/>\n<h2>Campagna \u201cHardware trasparente\u201d<\/h2>\n<p><a href=\"https:\/\/ww2.lugbz.org\/wp-content\/uploads\/2017\/10\/combined_thw.png\"><img loading=\"lazy\" decoding=\"async\" class=\"size-full wp-image-695 alignright\" src=\"https:\/\/ww2.lugbz.org\/wp-content\/uploads\/2017\/10\/combined_thw.png\" alt=\"\" width=\"200\" height=\"300\" srcset=\"https:\/\/ww2.lugbz.org\/wp-content\/uploads\/2017\/10\/combined_thw.png 400w, https:\/\/ww2.lugbz.org\/wp-content\/uploads\/2017\/10\/combined_thw-200x300.png 200w\" sizes=\"auto, (max-width: 200px) 100vw, 200px\" \/><\/a><\/p>\n<p>A partire dal maggio 2017 il Linux User Group e il Centro Tutela Consumatori Utenti hanno lanciato la campagna per invitare le aziende dell&#8217;Alto Adige che vendono computer a presentare in modo trasparente il costo dei computer in vendita separando il costo del hardware dal costo del software a corredo (sistema operativo, eventuale suite office, ecc.).<\/p>\n<p>La motivazione per la campagna \u00e8 spiegato nel <a href=\"https:\/\/ww2.lugbz.org\/wp-content\/uploads\/2017\/10\/Comunicato-Stampa-Transparent-Hardware_final-print.pdf\">comunicato stampa<\/a>.<\/p>\n<p>In particolare le aziende hanno indicato se:<\/p>\n<ol>\n<li>hanno in vendita computer per cui dichiarano separatamente il costo del hardware dal costo del software e offrono la <b>possibilit\u00e0 di acquistare soltanto il hardware<\/b>,<\/li>\n<li>forniscono <b>servizio di installazione di una distribuzione GNU\/Linux<\/b>.<\/li>\n<\/ol>\n<p>Qui elenchiamo le aziende che hanno gi\u00e0 aderito alla campagna (in ordine cronologico di adesione):<\/p>\n<table style=\"border-collapse: collapse;\" border=\"1\" width=\"90%\">\n<tbody>\n<tr>\n<td width=\"200px\"><b>Nome azienda<\/b><\/td>\n<td width=\"50px\"><b>Luogo<\/b><\/td>\n<td width=\"200px\"><b>1. costi separati HW\/SW<\/b><\/td>\n<td><b>2. servizio preinstallazione GNU\/Linux<\/b><\/td>\n<\/tr>\n<tr>\n<td><a href=\"http:\/\/www.dadepc.it\">DADE PC<\/a><\/td>\n<td>Bolzano<\/td>\n<td style=\"text-align: center;\">S\u00ec<\/td>\n<td>No, offrono PC con preinstallato FreeDOS<\/td>\n<\/tr>\n<tr>\n<td><a href=\"http:\/\/itsystem.it\/\">IT System<\/a><\/td>\n<td>Bolzano<\/td>\n<td style=\"text-align: center;\">S\u00ec<\/td>\n<td>No, offrono PC con preinstallato FreeDOS<\/td>\n<\/tr>\n<tr>\n<td><a href=\"https:\/\/www.qbus.it\/\">QBUS<\/a><\/td>\n<td>Badia<\/td>\n<td style=\"text-align: center;\">S\u00ec<\/td>\n<td>rivendono marche di PC che danno la scelta del SO a seconda della disponibilit\u00e0 del produttore<\/td>\n<\/tr>\n<tr>\n<td><a href=\"http:\/\/studiocreating.it\/\">Studio Creating<\/a><\/td>\n<td>Bolzano<\/td>\n<td style=\"text-align: center;\">S\u00ec<\/td>\n<td>S\u00ec, installano GNU\/Linux sul server o sistemi dual boot su PC\/notebook<\/td>\n<\/tr>\n<tr>\n<td>Tirolversand GmbH<br \/>\n<a href=\"http:\/\/www.mitas.it\">mitas.it<\/a> \u00b7 <a href=\"http:\/\/www.mitasworld.it\">mitasworld.it<\/a><br \/>\n<a href=\"http:\/\/www.almdo.it\">almdo.it<\/a> \u00b7 <a href=\"http:\/\/www.tirolversand.it\">tirolversand.it<\/a><\/td>\n<td>Bolzano<\/td>\n<td style=\"text-align: center;\">S\u00ec<\/td>\n<td>S\u00ec, offrono servizio installazione del SO scelto dal cliente<\/td>\n<\/tr>\n<tr>\n<td><a href=\"http:\/\/www.tecno-target.it\/\">Tecno Target<\/a><\/td>\n<td>Merano<\/td>\n<td style=\"text-align: center;\">S\u00ec<\/td>\n<td>No<\/td>\n<\/tr>\n<tr>\n<td><a href=\"http:\/\/microstore.it\/\">Microstore<\/a><\/td>\n<td>Bolzano<\/td>\n<td style=\"text-align: center;\">S\u00ec<\/td>\n<td>No<\/td>\n<\/tr>\n<tr>\n<td><a href=\"http:\/\/www.g-store.net\/\">G-Store<\/a><\/td>\n<td>Lana<\/td>\n<td style=\"text-align: center;\">S\u00ec<\/td>\n<td>No<\/td>\n<\/tr>\n<tr>\n<td><a href=\"http:\/\/www.buerotechnik.it\/\">B\u00fcrotechnik<\/a><\/td>\n<td>Caldaro<\/td>\n<td style=\"text-align: center;\">S\u00ec<\/td>\n<td>S\u00ec<\/td>\n<\/tr>\n<tr>\n<td><a href=\"http:\/\/notebookpoint.it\/\">Intervaria<\/a><\/td>\n<td>Merano<\/td>\n<td style=\"text-align: center;\">S\u00ec<\/td>\n<td>S\u00ec; offrono anche PC con FreeDOS, GNU\/Linux o senza SO; offrono servizio di supporto per GNU\/Linux e software Open Source<\/td>\n<\/tr>\n<tr>\n<td><a href=\"https:\/\/www.computechbz.it\/\">CompuTech<\/a><\/td>\n<td>Bolzano<\/td>\n<td style=\"text-align: center;\">S\u00ec<\/td>\n<td>S\u00ec, offrono servizio di installazione GNU\/Linux<\/td>\n<\/tr>\n<tr>\n<td><a href=\"https:\/\/www.pc-doktor-bozen.it\">PC-Doktor-Bozen<\/a><\/td>\n<td>Bolzano<\/td>\n<td style=\"text-align: center;\">S\u00ec<\/td>\n<td>S\u00ec, offrono servizio di installazione del SO scelto dall&#8217;utente, sensibilizzando all&#8217;uso di GNU\/Linux in particolare <a href=\"https:\/\/fuss.bz.it\">FUSS<\/a><\/td>\n<\/tr>\n<tr>\n<td><a href=\"https:\/\/www.ethicalsoftware.it\/\">Ethical Software Soc.Coop. Onlus<\/a><\/td>\n<td>Bolzano<\/td>\n<td style=\"text-align: center;\">S\u00ec<\/td>\n<td>S\u00ec, offrono servizio di installazione GNU\/Linux<\/td>\n<\/tr>\n<\/tbody>\n<\/table>\n<p>&nbsp;<\/p>\n<hr \/>\n<h2>Initiative \u201cTransparente Hardware\u201d<\/h2>\n<p><a href=\"https:\/\/ww2.lugbz.org\/wp-content\/uploads\/2017\/10\/combined_thw.png\"><img loading=\"lazy\" decoding=\"async\" class=\"size-full wp-image-695 alignright\" src=\"https:\/\/ww2.lugbz.org\/wp-content\/uploads\/2017\/10\/combined_thw.png\" alt=\"\" width=\"200\" height=\"300\" srcset=\"https:\/\/ww2.lugbz.org\/wp-content\/uploads\/2017\/10\/combined_thw.png 400w, https:\/\/ww2.lugbz.org\/wp-content\/uploads\/2017\/10\/combined_thw-200x300.png 200w\" sizes=\"auto, (max-width: 200px) 100vw, 200px\" \/><\/a><\/p>\n<p>Die Linux User Group Bozen und die Verbraucherzentrale haben in einer gemeinsamen Initiative S\u00fcdtirols Fachh\u00e4ndler aufgefordert, sich f\u00fcr mehr Preistransparenz einzusetzen. Die H\u00e4ndler wurden eingeladen, die Preise f\u00fcr Hardware und die Softwareausstattung (wie Betriebssystem, Office-Suite, etc.) getrennt auszuweisen.<\/p>\n<p>Die <a href=\"https:\/\/ww2.lugbz.org\/wp-content\/uploads\/2017\/10\/Comunicato-Stampa-Transparent-Hardware_final-print.pdf\">Pressemitteilung<\/a> nennt einige Hintergr\u00fcnde dazu.<\/p>\n<p>Konkret haben die Fachgesch\u00e4fte mitgeteilt, ob sie:<\/p>\n<ol>\n<li>Computer im Angebot haben, f\u00fcr die sie Hardware- und Software-Preise getrennt ausweisen und den Kunden <b>die M\u00f6glichkeit geben, nur die Hardware zu kaufen<\/b>,<\/li>\n<li>die <b>Installation von GNU\/Linux als Service<\/b> anbieten.<\/li>\n<\/ol>\n<p>Hier folgt die Liste der Fachgesch\u00e4fte, die bereits mitmachen (in chronologischer Reihenfolge):<\/p>\n<table style=\"border-collapse: collapse;\" border=\"1\" width=\"90%\">\n<tbody>\n<tr>\n<td width=\"200px\"><b>Firmennamen<\/b><\/td>\n<td width=\"50px\"><b>Ort<\/b><\/td>\n<td width=\"200px\"><b>1. getrennte Preise HW\/SW<\/b><\/td>\n<td><b>2. Installation von GNU\/Linux als Service<\/b><\/td>\n<\/tr>\n<tr>\n<td><a href=\"http:\/\/www.dadepc.it\">DADE PC<\/a><\/td>\n<td>Bozen<\/td>\n<td style=\"text-align: center;\">Ja<\/td>\n<td>Nein, haben PCs mit vorinstalliertem FreeDOS im Angebot<\/td>\n<\/tr>\n<tr>\n<td><a href=\"http:\/\/itsystem.it\/\">IT System<\/a><\/td>\n<td>Bozen<\/td>\n<td style=\"text-align: center;\">Ja<\/td>\n<td>Nein, haben PCs mit vorinstalliertem FreeDOS im Angebot<\/td>\n<\/tr>\n<tr>\n<td><a href=\"https:\/\/www.qbus.it\/\">QBUS<\/a><\/td>\n<td>Badia<\/td>\n<td style=\"text-align: center;\">Ja<\/td>\n<td>verkaufen PCs von Herstellern, die eine Auswahl von Betriebssystemen anbieten (je nach Hersteller)<\/td>\n<\/tr>\n<tr>\n<td><a href=\"http:\/\/studiocreating.it\/\">Studio Creating<\/a><\/td>\n<td>Bozen<\/td>\n<td style=\"text-align: center;\">Ja<\/td>\n<td>Ja, Installation von GNU\/Linux auf Servern oder Dual-Boot-Systemen auf PCs\/Notebooks<\/td>\n<\/tr>\n<tr>\n<td>Tirolversand GmbH<br \/>\n<a href=\"http:\/\/www.mitas.it\">mitas.it<\/a> \u00b7 <a href=\"http:\/\/www.mitasworld.it\">mitasworld.it<\/a><br \/>\n<a href=\"http:\/\/www.almdo.it\">almdo.it<\/a> \u00b7 <a href=\"http:\/\/www.tirolversand.it\">tirolversand.it<\/a><\/td>\n<td>Bozen<\/td>\n<td style=\"text-align: center;\">Ja<\/td>\n<td>Ja, bieten Installationsservice nach Kundenwunsch<\/td>\n<\/tr>\n<tr>\n<td><a href=\"http:\/\/www.tecno-target.it\/\">Tecno Target<\/a><\/td>\n<td>Meran<\/td>\n<td style=\"text-align: center;\">Ja<\/td>\n<td>Nein<\/td>\n<\/tr>\n<tr>\n<td><a href=\"http:\/\/microstore.it\/\">Microstore<\/a><\/td>\n<td>Bozen<\/td>\n<td style=\"text-align: center;\">Ja<\/td>\n<td>Nein<\/td>\n<\/tr>\n<tr>\n<td><a href=\"http:\/\/www.g-store.net\/\">G-Store<\/a><\/td>\n<td>Lana<\/td>\n<td style=\"text-align: center;\">Ja<\/td>\n<td>Nein<\/td>\n<\/tr>\n<tr>\n<td><a href=\"http:\/\/www.buerotechnik.it\/\">B\u00fcrotechnik<\/a><\/td>\n<td>Kaltern<\/td>\n<td style=\"text-align: center;\">Ja<\/td>\n<td>Ja<\/td>\n<\/tr>\n<tr>\n<td><a href=\"http:\/\/notebookpoint.it\/\">Intervaria<\/a><\/td>\n<td>Meran<\/td>\n<td style=\"text-align: center;\">Ja<\/td>\n<td>Ja; bieten PCs mit FreeDOS, GNU\/Linux oder ohne Betriebssystem; supporten GNU\/Linux und Open Source Software<\/td>\n<\/tr>\n<tr>\n<td><a href=\"https:\/\/www.computechbz.it\/\">CompuTech<\/a><\/td>\n<td>Bozen<\/td>\n<td style=\"text-align: center;\">Ja<\/td>\n<td>Ja, bieten GNU\/Linux Installationsservice<\/td>\n<\/tr>\n<tr>\n<td><a href=\"https:\/\/www.pc-doktor-bozen.it\">PC-Doktor-Bozen<\/a><\/td>\n<td>Bozen<\/td>\n<td style=\"text-align: center;\">Ja<\/td>\n<td>Ja, sie bieten einen Betriebssystem-Installationsdienst nach Wahl des Benutzers an, wobei GNU\/Linux und insbesondere <a href=\"https:\/\/fuss.bz.it\">FUSS<\/a> Vorrang haben.<\/td>\n<\/tr>\n<tr>\n<td><a href=\"https:\/\/www.ethicalsoftware.it\/\">Ethical Software Soc.Coop. Onlus<\/a><\/td>\n<td>Bozen<\/td>\n<td style=\"text-align: center;\">Ja<\/td>\n<td>Ja, sie bieten GNU\/Linux Installationsservice<\/td>\n<\/tr>\n<\/tbody>\n<\/table>\n<p>&nbsp;<\/p>\n<hr \/>\n","protected":false},"excerpt":{"rendered":"<p>&nbsp; Campagna \u201cHardware trasparente\u201d A partire dal maggio 2017 il Linux User Group e il Centro Tutela Consumatori Utenti hanno lanciato la campagna per invitare le aziende dell&#8217;Alto Adige che vendono computer a presentare in modo trasparente il costo dei computer in vendita separando il costo del hardware dal costo del software a corredo (sistema [&hellip;]<\/p>\n","protected":false},"author":1,"featured_media":0,"parent":39,"menu_order":1,"comment_status":"closed","ping_status":"closed","template":"","meta":{"footnotes":""},"class_list":["post-651","page","type-page","status-publish","hentry"],"_links":{"self":[{"href":"https:\/\/ww2.lugbz.org\/index.php?rest_route=\/wp\/v2\/pages\/651","targetHints":{"allow":["GET"]}}],"collection":[{"href":"https:\/\/ww2.lugbz.org\/index.php?rest_route=\/wp\/v2\/pages"}],"about":[{"href":"https:\/\/ww2.lugbz.org\/index.php?rest_route=\/wp\/v2\/types\/page"}],"author":[{"embeddable":true,"href":"https:\/\/ww2.lugbz.org\/index.php?rest_route=\/wp\/v2\/users\/1"}],"replies":[{"embeddable":true,"href":"https:\/\/ww2.lugbz.org\/index.php?rest_route=%2Fwp%2Fv2%2Fcomments&post=651"}],"version-history":[{"count":0,"href":"https:\/\/ww2.lugbz.org\/index.php?rest_route=\/wp\/v2\/pages\/651\/revisions"}],"up":[{"embeddable":true,"href":"https:\/\/ww2.lugbz.org\/index.php?rest_route=\/wp\/v2\/pages\/39"}],"wp:attachment":[{"href":"https:\/\/ww2.lugbz.org\/index.php?rest_route=%2Fwp%2Fv2%2Fmedia&parent=651"}],"curies":[{"name":"wp","href":"https:\/\/api.w.org\/{rel}","templated":true}]}}